{"id":107,"date":"2023-08-13T18:19:42","date_gmt":"2023-08-13T16:19:42","guid":{"rendered":"https:\/\/blog.terredepaysages.fr\/?page_id=107"},"modified":"2023-08-13T18:30:17","modified_gmt":"2023-08-13T16:30:17","slug":"video","status":"publish","type":"page","link":"https:\/\/blog.terredepaysages.fr\/index.php\/video\/","title":{"rendered":"Vid\u00e9os"},"content":{"rendered":"<p>[et_pb_section fb_built=\u00a0\u00bb1&Prime; admin_label=\u00a0\u00bbProjects\u00a0\u00bb _builder_version=\u00a0\u00bb4.20.0&Prime; _module_preset=\u00a0\u00bbdefault\u00a0\u00bb locked=\u00a0\u00bboff\u00a0\u00bb collapsed=\u00a0\u00bbon\u00a0\u00bb global_colors_info=\u00a0\u00bb{}\u00a0\u00bb theme_builder_area=\u00a0\u00bbpost_content\u00a0\u00bb][et_pb_row _builder_version=\u00a0\u00bb4.20.0&Prime; _module_preset=\u00a0\u00bbdefault\u00a0\u00bb global_colors_info=\u00a0\u00bb{}\u00a0\u00bb theme_builder_area=\u00a0\u00bbpost_content\u00a0\u00bb][et_pb_column type=\u00a0\u00bb4_4&Prime; _builder_version=\u00a0\u00bb4.20.0&Prime; _module_preset=\u00a0\u00bbdefault\u00a0\u00bb global_colors_info=\u00a0\u00bb{}\u00a0\u00bb theme_builder_area=\u00a0\u00bbpost_content\u00a0\u00bb][et_pb_post_title meta=\u00a0\u00bboff\u00a0\u00bb featured_image=\u00a0\u00bboff\u00a0\u00bb _builder_version=\u00a0\u00bb4.22.0&Prime; _module_preset=\u00a0\u00bbdefault\u00a0\u00bb global_colors_info=\u00a0\u00bb{}\u00a0\u00bb theme_builder_area=\u00a0\u00bbpost_content\u00a0\u00bb][\/et_pb_post_title][\/et_pb_column][\/et_pb_row][et_pb_row column_structure=\u00a0\u00bb1_2,1_2&Prime; _builder_version=\u00a0\u00bb4.22.0&Prime; _module_preset=\u00a0\u00bbdefault\u00a0\u00bb global_colors_info=\u00a0\u00bb{}\u00a0\u00bb theme_builder_area=\u00a0\u00bbpost_content\u00a0\u00bb][et_pb_column type=\u00a0\u00bb1_2&Prime; _builder_version=\u00a0\u00bb4.22.0&Prime; _module_preset=\u00a0\u00bbdefault\u00a0\u00bb global_colors_info=\u00a0\u00bb{}\u00a0\u00bb theme_builder_area=\u00a0\u00bbpost_content\u00a0\u00bb][et_pb_text _builder_version=\u00a0\u00bb4.22.0&Prime; _module_preset=\u00a0\u00bbdefault\u00a0\u00bb hover_enabled=\u00a0\u00bb0&Prime; global_colors_info=\u00a0\u00bb{}\u00a0\u00bb theme_builder_area=\u00a0\u00bbpost_content\u00a0\u00bb sticky_enabled=\u00a0\u00bb0&Prime;]<\/p>\n<h5>2008-2012 : 4 ans en 4 minutes !<\/h5>\n<p>[\/et_pb_text][et_pb_video src=\u00a0\u00bbhttps:\/\/blog.terredepaysages.fr\/wp-content\/uploads\/2023\/08\/4-ans-de-mobilite-douce.mp4&Prime; _builder_version=\u00a0\u00bb4.22.0&Prime; _module_preset=\u00a0\u00bbdefault\u00a0\u00bb theme_builder_area=\u00a0\u00bbpost_content\u00a0\u00bb title_text=\u00a0\u00bb4 ans de mobilit\u00e9 douce\u00a0\u00bb hover_enabled=\u00a0\u00bb0&Prime; sticky_enabled=\u00a0\u00bb0&Prime;][\/et_pb_video][\/et_pb_column][et_pb_column type=\u00a0\u00bb1_2&Prime; _builder_version=\u00a0\u00bb4.22.0&Prime; _module_preset=\u00a0\u00bbdefault\u00a0\u00bb global_colors_info=\u00a0\u00bb{}\u00a0\u00bb theme_builder_area=\u00a0\u00bbpost_content\u00a0\u00bb][\/et_pb_column][\/et_pb_row][\/et_pb_section]<\/p>\n","protected":false},"excerpt":{"rendered":"<p>Vid\u00e9os &#8211; Terre de Paysages<\/p>\n","protected":false},"author":1,"featured_media":7,"parent":0,"menu_order":0,"comment_status":"closed","ping_status":"closed","template":"","meta":{"_et_pb_use_builder":"on","_et_pb_old_content":"","_et_gb_content_width":"","footnotes":""},"class_list":["post-107","page","type-page","status-publish","has-post-thumbnail","hentry"],"yoast_head":"<!-- This site is optimized with the Yoast SEO plugin v26.4 - https:\/\/yoast.com\/wordpress\/plugins\/seo\/ -->\n<title>Terre de Paysages - Vid\u00e9os<\/title>\n<meta name=\"description\" content=\"Vid\u00e9os - Terre de Paysages\" \/>\n<meta name=\"robots\" content=\"index, follow, max-snippet:-1, max-image-preview:large, max-video-preview:-1\" \/>\n<link rel=\"canonical\" href=\"https:\/\/blog.terredepaysages.fr\/index.php\/video\/\" \/>\n<meta property=\"og:locale\" content=\"fr_FR\" \/>\n<meta property=\"og:type\" content=\"article\" \/>\n<meta property=\"og:title\" content=\"Terre de Paysages - Vid\u00e9os\" \/>\n<meta property=\"og:description\" content=\"Vid\u00e9os - Terre de Paysages\" \/>\n<meta property=\"og:url\" content=\"https:\/\/blog.terredepaysages.fr\/index.php\/video\/\" \/>\n<meta property=\"og:site_name\" content=\"Terre de Paysages\" \/>\n<meta property=\"article:modified_time\" content=\"2023-08-13T16:30:17+00:00\" \/>\n<meta property=\"og:image\" content=\"https:\/\/blog.terredepaysages.fr\/wp-content\/uploads\/2023\/08\/1-Perou-31-carre.jpg\" \/>\n\t<meta property=\"og:image:width\" content=\"760\" \/>\n\t<meta property=\"og:image:height\" content=\"760\" \/>\n\t<meta property=\"og:image:type\" content=\"image\/jpeg\" \/>\n<meta name=\"twitter:card\" content=\"summary_large_image\" \/>\n<script type=\"application\/ld+json\" class=\"yoast-schema-graph\">{\"@context\":\"https:\/\/schema.org\",\"@graph\":[{\"@type\":\"WebPage\",\"@id\":\"https:\/\/blog.terredepaysages.fr\/index.php\/video\/\",\"url\":\"https:\/\/blog.terredepaysages.fr\/index.php\/video\/\",\"name\":\"Terre de Paysages - Vid\u00e9os\",\"isPartOf\":{\"@id\":\"https:\/\/blog.terredepaysages.fr\/#website\"},\"primaryImageOfPage\":{\"@id\":\"https:\/\/blog.terredepaysages.fr\/index.php\/video\/#primaryimage\"},\"image\":{\"@id\":\"https:\/\/blog.terredepaysages.fr\/index.php\/video\/#primaryimage\"},\"thumbnailUrl\":\"https:\/\/blog.terredepaysages.fr\/wp-content\/uploads\/2023\/08\/1-Perou-31-carre.jpg\",\"datePublished\":\"2023-08-13T16:19:42+00:00\",\"dateModified\":\"2023-08-13T16:30:17+00:00\",\"description\":\"Vid\u00e9os - Terre de Paysages\",\"breadcrumb\":{\"@id\":\"https:\/\/blog.terredepaysages.fr\/index.php\/video\/#breadcrumb\"},\"inLanguage\":\"fr-FR\",\"potentialAction\":[{\"@type\":\"ReadAction\",\"target\":[\"https:\/\/blog.terredepaysages.fr\/index.php\/video\/\"]}]},{\"@type\":\"ImageObject\",\"inLanguage\":\"fr-FR\",\"@id\":\"https:\/\/blog.terredepaysages.fr\/index.php\/video\/#primaryimage\",\"url\":\"https:\/\/blog.terredepaysages.fr\/wp-content\/uploads\/2023\/08\/1-Perou-31-carre.jpg\",\"contentUrl\":\"https:\/\/blog.terredepaysages.fr\/wp-content\/uploads\/2023\/08\/1-Perou-31-carre.jpg\",\"width\":760,\"height\":760,\"caption\":\"P\u00e9rou\"},{\"@type\":\"BreadcrumbList\",\"@id\":\"https:\/\/blog.terredepaysages.fr\/index.php\/video\/#breadcrumb\",\"itemListElement\":[{\"@type\":\"ListItem\",\"position\":1,\"name\":\"Accueil\",\"item\":\"https:\/\/blog.terredepaysages.fr\/\"},{\"@type\":\"ListItem\",\"position\":2,\"name\":\"Vid\u00e9os\"}]},{\"@type\":\"WebSite\",\"@id\":\"https:\/\/blog.terredepaysages.fr\/#website\",\"url\":\"https:\/\/blog.terredepaysages.fr\/\",\"name\":\"Terre de Paysages\",\"description\":\"Un an \u00e0 v\u00e9lo en famille de la Patagonie \u00e0 la Bolivie\",\"publisher\":{\"@id\":\"https:\/\/blog.terredepaysages.fr\/#organization\"},\"potentialAction\":[{\"@type\":\"SearchAction\",\"target\":{\"@type\":\"EntryPoint\",\"urlTemplate\":\"https:\/\/blog.terredepaysages.fr\/?s={search_term_string}\"},\"query-input\":{\"@type\":\"PropertyValueSpecification\",\"valueRequired\":true,\"valueName\":\"search_term_string\"}}],\"inLanguage\":\"fr-FR\"},{\"@type\":\"Organization\",\"@id\":\"https:\/\/blog.terredepaysages.fr\/#organization\",\"name\":\"Terre de Paysages\",\"url\":\"https:\/\/blog.terredepaysages.fr\/\",\"logo\":{\"@type\":\"ImageObject\",\"inLanguage\":\"fr-FR\",\"@id\":\"https:\/\/blog.terredepaysages.fr\/#\/schema\/logo\/image\/\",\"url\":\"https:\/\/blog.terredepaysages.fr\/wp-content\/uploads\/2023\/08\/1-Perou-31-carre.jpg\",\"contentUrl\":\"https:\/\/blog.terredepaysages.fr\/wp-content\/uploads\/2023\/08\/1-Perou-31-carre.jpg\",\"width\":760,\"height\":760,\"caption\":\"Terre de Paysages\"},\"image\":{\"@id\":\"https:\/\/blog.terredepaysages.fr\/#\/schema\/logo\/image\/\"}}]}<\/script>\n<!-- \/ Yoast SEO plugin. -->","yoast_head_json":{"title":"Terre de Paysages - Vid\u00e9os","description":"Vid\u00e9os - Terre de Paysages","robots":{"index":"index","follow":"follow","max-snippet":"max-snippet:-1","max-image-preview":"max-image-preview:large","max-video-preview":"max-video-preview:-1"},"canonical":"https:\/\/blog.terredepaysages.fr\/index.php\/video\/","og_locale":"fr_FR","og_type":"article","og_title":"Terre de Paysages - Vid\u00e9os","og_description":"Vid\u00e9os - Terre de Paysages","og_url":"https:\/\/blog.terredepaysages.fr\/index.php\/video\/","og_site_name":"Terre de Paysages","article_modified_time":"2023-08-13T16:30:17+00:00","og_image":[{"width":760,"height":760,"url":"https:\/\/blog.terredepaysages.fr\/wp-content\/uploads\/2023\/08\/1-Perou-31-carre.jpg","type":"image\/jpeg"}],"twitter_card":"summary_large_image","schema":{"@context":"https:\/\/schema.org","@graph":[{"@type":"WebPage","@id":"https:\/\/blog.terredepaysages.fr\/index.php\/video\/","url":"https:\/\/blog.terredepaysages.fr\/index.php\/video\/","name":"Terre de Paysages - Vid\u00e9os","isPartOf":{"@id":"https:\/\/blog.terredepaysages.fr\/#website"},"primaryImageOfPage":{"@id":"https:\/\/blog.terredepaysages.fr\/index.php\/video\/#primaryimage"},"image":{"@id":"https:\/\/blog.terredepaysages.fr\/index.php\/video\/#primaryimage"},"thumbnailUrl":"https:\/\/blog.terredepaysages.fr\/wp-content\/uploads\/2023\/08\/1-Perou-31-carre.jpg","datePublished":"2023-08-13T16:19:42+00:00","dateModified":"2023-08-13T16:30:17+00:00","description":"Vid\u00e9os - Terre de Paysages","breadcrumb":{"@id":"https:\/\/blog.terredepaysages.fr\/index.php\/video\/#breadcrumb"},"inLanguage":"fr-FR","potentialAction":[{"@type":"ReadAction","target":["https:\/\/blog.terredepaysages.fr\/index.php\/video\/"]}]},{"@type":"ImageObject","inLanguage":"fr-FR","@id":"https:\/\/blog.terredepaysages.fr\/index.php\/video\/#primaryimage","url":"https:\/\/blog.terredepaysages.fr\/wp-content\/uploads\/2023\/08\/1-Perou-31-carre.jpg","contentUrl":"https:\/\/blog.terredepaysages.fr\/wp-content\/uploads\/2023\/08\/1-Perou-31-carre.jpg","width":760,"height":760,"caption":"P\u00e9rou"},{"@type":"BreadcrumbList","@id":"https:\/\/blog.terredepaysages.fr\/index.php\/video\/#breadcrumb","itemListElement":[{"@type":"ListItem","position":1,"name":"Accueil","item":"https:\/\/blog.terredepaysages.fr\/"},{"@type":"ListItem","position":2,"name":"Vid\u00e9os"}]},{"@type":"WebSite","@id":"https:\/\/blog.terredepaysages.fr\/#website","url":"https:\/\/blog.terredepaysages.fr\/","name":"Terre de Paysages","description":"Un an \u00e0 v\u00e9lo en famille de la Patagonie \u00e0 la Bolivie","publisher":{"@id":"https:\/\/blog.terredepaysages.fr\/#organization"},"potentialAction":[{"@type":"SearchAction","target":{"@type":"EntryPoint","urlTemplate":"https:\/\/blog.terredepaysages.fr\/?s={search_term_string}"},"query-input":{"@type":"PropertyValueSpecification","valueRequired":true,"valueName":"search_term_string"}}],"inLanguage":"fr-FR"},{"@type":"Organization","@id":"https:\/\/blog.terredepaysages.fr\/#organization","name":"Terre de Paysages","url":"https:\/\/blog.terredepaysages.fr\/","logo":{"@type":"ImageObject","inLanguage":"fr-FR","@id":"https:\/\/blog.terredepaysages.fr\/#\/schema\/logo\/image\/","url":"https:\/\/blog.terredepaysages.fr\/wp-content\/uploads\/2023\/08\/1-Perou-31-carre.jpg","contentUrl":"https:\/\/blog.terredepaysages.fr\/wp-content\/uploads\/2023\/08\/1-Perou-31-carre.jpg","width":760,"height":760,"caption":"Terre de Paysages"},"image":{"@id":"https:\/\/blog.terredepaysages.fr\/#\/schema\/logo\/image\/"}}]}},"_links":{"self":[{"href":"https:\/\/blog.terredepaysages.fr\/index.php\/wp-json\/wp\/v2\/pages\/107","targetHints":{"allow":["GET"]}}],"collection":[{"href":"https:\/\/blog.terredepaysages.fr\/index.php\/wp-json\/wp\/v2\/pages"}],"about":[{"href":"https:\/\/blog.terredepaysages.fr\/index.php\/wp-json\/wp\/v2\/types\/page"}],"author":[{"embeddable":true,"href":"https:\/\/blog.terredepaysages.fr\/index.php\/wp-json\/wp\/v2\/users\/1"}],"replies":[{"embeddable":true,"href":"https:\/\/blog.terredepaysages.fr\/index.php\/wp-json\/wp\/v2\/comments?post=107"}],"version-history":[{"count":0,"href":"https:\/\/blog.terredepaysages.fr\/index.php\/wp-json\/wp\/v2\/pages\/107\/revisions"}],"wp:featuredmedia":[{"embeddable":true,"href":"https:\/\/blog.terredepaysages.fr\/index.php\/wp-json\/wp\/v2\/media\/7"}],"wp:attachment":[{"href":"https:\/\/blog.terredepaysages.fr\/index.php\/wp-json\/wp\/v2\/media?parent=107"}],"curies":[{"name":"wp","href":"https:\/\/api.w.org\/{rel}","templated":true}]}}